{"id":2353,"date":"2026-03-25T11:33:11","date_gmt":"2026-03-25T10:33:11","guid":{"rendered":"https:\/\/imyyachts.com\/?page_id=2353"},"modified":"2026-03-25T11:35:40","modified_gmt":"2026-03-25T10:35:40","slug":"private-policy-deutsch","status":"publish","type":"page","link":"https:\/\/imyyachts.com\/?page_id=2353&lang=de","title":{"rendered":"Datenschutzrichtlinie"},"content":{"rendered":"\t\t<div data-elementor-type=\"wp-page\" data-elementor-id=\"2353\" class=\"elementor elementor-2353\" data-elementor-post-type=\"page\">\n\t\t\t\t\t\t<section class=\"elementor-section elementor-top-section elementor-element elementor-element-4e649811 elementor-section-boxed elementor-section-height-default elementor-section-height-default\" data-id=\"4e649811\" data-element_type=\"section\" data-e-type=\"section\" data-settings=\"{&quot;background_background&quot;:&quot;classic&quot;,&quot;background_motion_fx_motion_fx_scrolling&quot;:&quot;yes&quot;,&quot;background_motion_fx_translateY_effect&quot;:&quot;yes&quot;,&quot;background_motion_fx_translateY_direction&quot;:&quot;negative&quot;,&quot;background_motion_fx_translateY_speed&quot;:{&quot;unit&quot;:&quot;px&quot;,&quot;size&quot;:10,&quot;sizes&quot;:[]},&quot;background_motion_fx_translateY_affectedRange&quot;:{&quot;unit&quot;:&quot;%&quot;,&quot;size&quot;:&quot;&quot;,&quot;sizes&quot;:{&quot;start&quot;:0,&quot;end&quot;:100}},&quot;background_motion_fx_devices&quot;:[&quot;desktop&quot;,&quot;tablet&quot;,&quot;mobile&quot;]}\">\n\t\t\t\t\t\t\t<div class=\"elementor-background-overlay\"><\/div>\n\t\t\t\t\t\t\t<div class=\"elementor-container elementor-column-gap-default\">\n\t\t\t\t\t<div class=\"elementor-column elementor-col-100 elementor-top-column elementor-element elementor-element-2244be73\" data-id=\"2244be73\" data-element_type=\"column\" data-e-type=\"column\">\n\t\t\t<div class=\"elementor-widget-wrap elementor-element-populated\">\n\t\t\t\t\t\t<section class=\"elementor-section elementor-inner-section elementor-element elementor-element-daf8b50 elementor-section-content-middle elementor-section-boxed elementor-section-height-default elementor-section-height-default\" data-id=\"daf8b50\" data-element_type=\"section\" data-e-type=\"section\">\n\t\t\t\t\t\t<div class=\"elementor-container elementor-column-gap-default\">\n\t\t\t\t\t<div class=\"elementor-column elementor-col-50 elementor-inner-column elementor-element elementor-element-434ab88c elementor-invisible\" data-id=\"434ab88c\" data-element_type=\"column\" data-e-type=\"column\" data-settings=\"{&quot;animation&quot;:&quot;fadeInLeft&quot;}\">\n\t\t\t<div class=\"elementor-widget-wrap elementor-element-populated\">\n\t\t\t\t\t\t<div class=\"elementor-element elementor-element-1a5cbe89 elementor-widget elementor-widget-heading\" data-id=\"1a5cbe89\" data-element_type=\"widget\" data-e-type=\"widget\" data-widget_type=\"heading.default\">\n\t\t\t\t<div class=\"elementor-widget-container\">\n\t\t\t\t\t<div class=\"elementor-heading-title elementor-size-default\">Datenschutzrichtlinie<\/div>\t\t\t\t<\/div>\n\t\t\t\t<\/div>\n\t\t\t\t\t<\/div>\n\t\t<\/div>\n\t\t\t\t<div class=\"elementor-column elementor-col-50 elementor-inner-column elementor-element elementor-element-60349035 elementor-invisible\" data-id=\"60349035\" data-element_type=\"column\" data-e-type=\"column\" data-settings=\"{&quot;animation&quot;:&quot;fadeInRight&quot;}\">\n\t\t\t<div class=\"elementor-widget-wrap elementor-element-populated\">\n\t\t\t\t\t\t<div class=\"elementor-element elementor-element-1a975909 elementor-widget elementor-widget-heading\" data-id=\"1a975909\" data-element_type=\"widget\" data-e-type=\"widget\" data-widget_type=\"heading.default\">\n\t\t\t\t<div class=\"elementor-widget-container\">\n\t\t\t\t\t<h2 class=\"elementor-heading-title elementor-size-default\">Datenschutzrichtlinie<\/h2>\t\t\t\t<\/div>\n\t\t\t\t<\/div>\n\t\t\t\t\t<\/div>\n\t\t<\/div>\n\t\t\t\t\t<\/div>\n\t\t<\/section>\n\t\t\t\t\t<\/div>\n\t\t<\/div>\n\t\t\t\t\t<\/div>\n\t\t<\/section>\n\t\t\t\t<section class=\"elementor-section elementor-top-section elementor-element elementor-element-73ba6304 elementor-section-boxed elementor-section-height-default elementor-section-height-default\" data-id=\"73ba6304\" data-element_type=\"section\" data-e-type=\"section\">\n\t\t\t\t\t\t<div class=\"elementor-container elementor-column-gap-default\">\n\t\t\t\t\t<div class=\"elementor-column elementor-col-100 elementor-top-column elementor-element elementor-element-17fffcea\" data-id=\"17fffcea\" data-element_type=\"column\" data-e-type=\"column\">\n\t\t\t<div class=\"elementor-widget-wrap elementor-element-populated\">\n\t\t\t\t\t\t<section class=\"elementor-section elementor-inner-section elementor-element elementor-element-87414a3 elementor-section-boxed elementor-section-height-default elementor-section-height-default\" data-id=\"87414a3\" data-element_type=\"section\" data-e-type=\"section\">\n\t\t\t\t\t\t<div class=\"elementor-container elementor-column-gap-default\">\n\t\t\t\t\t<div class=\"elementor-column elementor-col-33 elementor-inner-column elementor-element elementor-element-2d0c71f2 elementor-invisible\" data-id=\"2d0c71f2\" data-element_type=\"column\" data-e-type=\"column\" data-settings=\"{&quot;background_background&quot;:&quot;classic&quot;,&quot;animation&quot;:&quot;fadeInLeft&quot;}\">\n\t\t\t<div class=\"elementor-widget-wrap elementor-element-populated\">\n\t\t\t\t\t\t<div class=\"elementor-element elementor-element-16a1f21a elementor-view-stacked elementor-shape-square elementor-position-block-start elementor-mobile-position-block-start elementor-widget elementor-widget-icon-box\" data-id=\"16a1f21a\" data-element_type=\"widget\" data-e-type=\"widget\" data-widget_type=\"icon-box.default\">\n\t\t\t\t<div class=\"elementor-widget-container\">\n\t\t\t\t\t\t\t<div class=\"elementor-icon-box-wrapper\">\n\n\t\t\t\t\t\t<div class=\"elementor-icon-box-icon\">\n\t\t\t\t<span  class=\"elementor-icon\">\n\t\t\t\t<i aria-hidden=\"true\" class=\"icon icon-phone\"><\/i>\t\t\t\t<\/span>\n\t\t\t<\/div>\n\t\t\t\n\t\t\t\n\t\t<\/div>\n\t\t\t\t\t\t<\/div>\n\t\t\t\t<\/div>\n\t\t\t\t\t<\/div>\n\t\t<\/div>\n\t\t\t\t<div class=\"elementor-column elementor-col-33 elementor-inner-column elementor-element elementor-element-ff34ce1 elementor-invisible\" data-id=\"ff34ce1\" data-element_type=\"column\" data-e-type=\"column\" data-settings=\"{&quot;background_background&quot;:&quot;gradient&quot;,&quot;animation&quot;:&quot;fadeInUp&quot;}\">\n\t\t\t<div class=\"elementor-widget-wrap elementor-element-populated\">\n\t\t\t\t\t\t<div class=\"elementor-element elementor-element-3f683bc7 elementor-view-stacked elementor-shape-square elementor-position-block-start elementor-mobile-position-block-start elementor-widget elementor-widget-icon-box\" data-id=\"3f683bc7\" data-element_type=\"widget\" data-e-type=\"widget\" data-widget_type=\"icon-box.default\">\n\t\t\t\t<div class=\"elementor-widget-container\">\n\t\t\t\t\t\t\t<div class=\"elementor-icon-box-wrapper\">\n\n\t\t\t\t\t\t<div class=\"elementor-icon-box-icon\">\n\t\t\t\t<span  class=\"elementor-icon\">\n\t\t\t\t<i aria-hidden=\"true\" class=\"icon icon-calendar-full\"><\/i>\t\t\t\t<\/span>\n\t\t\t<\/div>\n\t\t\t\n\t\t\t\n\t\t<\/div>\n\t\t\t\t\t\t<\/div>\n\t\t\t\t<\/div>\n\t\t\t\t\t<\/div>\n\t\t<\/div>\n\t\t\t\t<div class=\"elementor-column elementor-col-33 elementor-inner-column elementor-element elementor-element-557d8090 elementor-invisible\" data-id=\"557d8090\" data-element_type=\"column\" data-e-type=\"column\" data-settings=\"{&quot;background_background&quot;:&quot;classic&quot;,&quot;animation&quot;:&quot;fadeInRight&quot;}\">\n\t\t\t<div class=\"elementor-widget-wrap elementor-element-populated\">\n\t\t\t\t\t\t<div class=\"elementor-element elementor-element-4f02fa3a elementor-view-stacked elementor-shape-square elementor-position-block-start elementor-mobile-position-block-start elementor-widget elementor-widget-icon-box\" data-id=\"4f02fa3a\" data-element_type=\"widget\" data-e-type=\"widget\" data-widget_type=\"icon-box.default\">\n\t\t\t\t<div class=\"elementor-widget-container\">\n\t\t\t\t\t\t\t<div class=\"elementor-icon-box-wrapper\">\n\n\t\t\t\t\t\t<div class=\"elementor-icon-box-icon\">\n\t\t\t\t<span  class=\"elementor-icon\">\n\t\t\t\t<i aria-hidden=\"true\" class=\"icon icon-paper-plane\"><\/i>\t\t\t\t<\/span>\n\t\t\t<\/div>\n\t\t\t\n\t\t\t\n\t\t<\/div>\n\t\t\t\t\t\t<\/div>\n\t\t\t\t<\/div>\n\t\t\t\t\t<\/div>\n\t\t<\/div>\n\t\t\t\t\t<\/div>\n\t\t<\/section>\n\t\t\t\t\t<\/div>\n\t\t<\/div>\n\t\t\t\t\t<\/div>\n\t\t<\/section>\n\t\t<div class=\"elementor-element elementor-element-62b5766 e-flex e-con-boxed e-con e-parent\" data-id=\"62b5766\" data-element_type=\"container\" data-e-type=\"container\">\n\t\t\t\t\t<div class=\"e-con-inner\">\n\t\t\t\t<div class=\"elementor-element elementor-element-4486e32 elementor-widget__width-auto elementor-widget elementor-widget-text-editor\" data-id=\"4486e32\" data-element_type=\"widget\" data-e-type=\"widget\" data-widget_type=\"text-editor.default\">\n\t\t\t\t<div class=\"elementor-widget-container\">\n\t\t\t\t\t\t\t\t\t<p>1. Angaben zum Verantwortlichen f\u00fcr die Datenverarbeitung<br \/>Firmenname: Inside Mallorca Yachts S.L.<\/p><p>Steuernummer: B05492863<\/p><p>Adresse: Cam\u00ed dels Reis, 81, 07015 Palma de Mallorca<\/p><p>Telefon: +34 645 872 415<\/p><p>E-Mail f\u00fcr Anfragen zum Datenschutz: imh@insidemallorcahomes.com<\/p><p>1.1. Anwendbare Bestimmungen<\/p><p>Unsere Datenschutzrichtlinie wurde in \u00dcbereinstimmung mit der EU-Datenschutz-Grundverordnung 2016\/679 des Europ\u00e4ischen Parlaments und des Rates vom 27. April 2016 zum Schutz nat\u00fcrlicher Personen bei der Verarbeitung personenbezogener Daten, zum freien Datenverkehr und zur Aufhebung der Richtlinie 95\/46\/EG (Datenschutz-Grundverordnung) sowie, soweit nicht im Widerspruch zur vorgenannten Verordnung, den spanischen Datenschutzbestimmungen erstellt. Indem Sie uns Ihre Daten \u00fcbermitteln, erkl\u00e4ren Sie, dass Sie diese Datenschutzrichtlinie gelesen und verstanden haben und der Verarbeitung Ihrer personenbezogenen Daten gem\u00e4\u00df den hierin dargelegten Zwecken und Bedingungen ausdr\u00fccklich zustimmen. Das Unternehmen kann diese Datenschutzrichtlinie \u00e4ndern, um sie an neue Gesetze, Rechtsprechung oder Auslegungen der spanischen Datenschutzbeh\u00f6rde anzupassen. Diese Datenschutzbestimmungen k\u00f6nnen gegebenenfalls durch den Rechtshinweis, die Cookie-Richtlinie und die Allgemeinen Gesch\u00e4ftsbedingungen erg\u00e4nzt werden, sofern diese f\u00fcr bestimmte Produkte oder Dienstleistungen gelten und der Zugriff darauf Besonderheiten im Hinblick auf den Datenschutz aufweist.<\/p><p>1.2. Datenschutzbeauftragter<\/p><p>Das Unternehmen hat keinen Datenschutzbeauftragten.<\/p><p>2. Zweck der Verarbeitung personenbezogener Daten<br \/>Die Verarbeitung Ihrer personenbezogenen Daten erfolgt zu folgenden Zwecken:<\/p><p>Um Ihnen Informationen zu den von unserem Unternehmen angebotenen Produkten und Dienstleistungen bereitzustellen, die auf dieser Website detailliert beschrieben sind.<\/p><p>Um die Auftragserteilung f\u00fcr unsere Dienstleistungen durch Annahme des entsprechenden Angebots\/Auftrags und\/oder Abschluss eines Kaufvertrags abzuwickeln.<\/p><p>Um Ihnen per E-Mail und\/oder Post Neuigkeiten \u00fcber unser Unternehmen und unseren Produkt- und Servicekatalog zukommen zu lassen.<\/p><p>2.1. Speicherdauer<\/p><p>Wir speichern Ihre personenbezogenen Daten ab dem Zeitpunkt Ihrer Einwilligung bis zu deren Widerruf oder bis Sie die Einschr\u00e4nkung der Verarbeitung beantragen. In diesen F\u00e4llen werden Ihre Daten f\u00fcr die gesetzlich vorgeschriebenen Fristen gesperrt.<\/p><p>3. Rechtm\u00e4\u00dfigkeit und Datenerhebung<\/p><p>Die Rechtm\u00e4\u00dfigkeit der Verarbeitung Ihrer Daten beruht auf Ihrer ausdr\u00fccklichen Einwilligung, die Sie durch eine aktive Handlung (Ausf\u00fcllen des entsprechenden Formulars und Ankreuzen des Kontrollk\u00e4stchens zur Annahme dieser Datenschutzerkl\u00e4rung) bei der \u00dcbermittlung Ihrer personenbezogenen Daten erteilen.<\/p><p>3.1. Einwilligung zur Datenverarbeitung<\/p><p>Durch Ausf\u00fcllen der Formulare, Ankreuzen des Kontrollk\u00e4stchens \u201eIch akzeptiere die Datenschutzerkl\u00e4rung\u201c und Absenden der Daten oder durch Senden von E-Mails an das Unternehmen \u00fcber die hierf\u00fcr bereitgestellten Konten erkl\u00e4rt der Nutzer, diese Datenschutzerkl\u00e4rung gelesen und ausdr\u00fccklich akzeptiert zu haben und erteilt seine eindeutige und ausdr\u00fcckliche Einwilligung zur Verarbeitung seiner personenbezogenen Daten gem\u00e4\u00df den genannten Zwecken.<\/p><p>3.2. Kategorien von Daten<\/p><p>Die erhobenen Daten beziehen sich auf die Kategorie der personenbezogenen Daten. Dazu geh\u00f6ren beispielsweise Name und Vorname, Telefonnummer, Postanschrift, Firma, E-Mail-Adresse sowie die IP-Adresse, von der aus auf das Datenerfassungsformular zugegriffen wird.<\/p><p>4. Sicherheitsma\u00dfnahmen<br \/>Um die Sicherheit und Vertraulichkeit Ihrer personenbezogenen Daten zu gew\u00e4hrleisten, informieren wir Sie dar\u00fcber, dass wir die erforderlichen technischen und organisatorischen Ma\u00dfnahmen getroffen haben, um die Sicherheit Ihrer personenbezogenen Daten zu gew\u00e4hrleisten und deren Ver\u00e4nderung, Verlust, unbefugte Verarbeitung oder unbefugten Zugriff zu verhindern. Dabei ber\u00fccksichtigen wir den Stand der Technik, die Art der gespeicherten Daten und die damit verbundenen Risiken gem\u00e4\u00df Art. 32 der EU-Datenschutz-Grundverordnung (DSGVO) 679\/2016.<\/p><p>5. Datenweitergabe<\/p><p>Es sind keine Daten\u00fcbermittlungen oder internationalen \u00dcbermittlungen Ihrer Daten vorgesehen, au\u00dfer in F\u00e4llen, in denen dies durch Steuer-, Handels- und Telekommunikationsgesetze zul\u00e4ssig ist oder wenn eine gerichtliche Anordnung dies erfordert.<\/p><p>6. Rechte der Nutzer<br \/>Jede betroffene Person hat das Recht, eine Best\u00e4tigung dar\u00fcber zu erhalten, ob wir sie betreffende personenbezogene Daten verarbeiten. Betroffene Personen haben das Recht auf Auskunft \u00fcber ihre personenbezogenen Daten sowie auf Berichtigung unrichtiger Daten oder, falls zutreffend, auf L\u00f6schung, wenn die Daten unter anderem f\u00fcr die Zwecke, f\u00fcr die sie erhoben wurden, nicht mehr erforderlich sind. Unter bestimmten Umst\u00e4nden k\u00f6nnen betroffene Personen die Einschr\u00e4nkung der Verarbeitung ihrer Daten verlangen. In diesem Fall speichern wir die Daten nur noch zur Geltendmachung oder Verteidigung von Rechtsanspr\u00fcchen. Betroffene Personen k\u00f6nnen aus Gr\u00fcnden, die sich aus ihrer besonderen Situation ergeben, der Verarbeitung ihrer Daten widersprechen. Der Verantwortliche wird die Verarbeitung der Daten einstellen, es sei denn, es liegen zwingende berechtigte Gr\u00fcnde vor oder die Verarbeitung ist zur Geltendmachung oder Verteidigung von Rechtsanspr\u00fcchen erforderlich. Gem\u00e4\u00df der geltenden Gesetzgebung haben Sie folgende Rechte: Recht auf Auskunft \u00fcber Ihre personenbezogenen Daten, Recht auf Berichtigung oder L\u00f6schung, Recht auf Einschr\u00e4nkung der Verarbeitung, Widerspruchsrecht, Recht auf Daten\u00fcbertragbarkeit sowie das Recht, Ihre Einwilligung zu widerrufen.<\/p><p>6.1. Wie kann ich meine Rechte aus\u00fcben?<\/p><p><br \/>Um Ihre Rechte auszu\u00fcben, m\u00fcssen Sie sich an den Verantwortlichen wenden und das entsprechende Formular zur Aus\u00fcbung des gew\u00e4hlten Rechts anfordern. Alternativ k\u00f6nnen Sie sich f\u00fcr weitere Informationen zu Ihren Rechten an die zust\u00e4ndige Aufsichtsbeh\u00f6rde wenden. Die Kontaktdaten zur Aus\u00fcbung Ihrer Rechte lauten: Telefonnummer +44 645872415 und E-Mail-Adresse: imy@insidemallorcayachts.com. Bitte f\u00fcgen Sie eine Kopie eines Ausweisdokuments bei.<\/p><p>\u00a0<\/p><p>7. Einwilligung zum Empfang elektronischer Mitteilungen<br \/>Dar\u00fcber hinaus erteilen Sie gem\u00e4\u00df Gesetz 34\/2002 vom 11. Juli \u00fcber Dienste der Informationsgesellschaft und des elektronischen Gesch\u00e4ftsverkehrs durch Ausf\u00fcllen des Datenerfassungsformulars und Ankreuzen des entsprechenden K\u00e4stchens \u201eIch akzeptiere den Empfang elektronischer Mitteilungen\u201c Ihre ausdr\u00fcckliche Einwilligung, dass Ihnen Informationen \u00fcber das Unternehmen per E-Mail, Telefon, Fax oder auf anderem elektronischem Wege zugesendet werden.<\/p>\t\t\t\t\t\t\t\t<\/div>\n\t\t\t\t<\/div>\n\t\t\t\t\t<\/div>\n\t\t\t\t<\/div>\n\t\t\t\t<\/div>\n\t\t","protected":false},"excerpt":{"rendered":"<p>Datenschutzrichtlinie Datenschutzrichtlinie 1. Angaben zum Verantwortlichen f\u00fcr die DatenverarbeitungFirmenname: Inside Mallorca Yachts S.L. Steuernummer: B05492863 Adresse: Cam\u00ed dels Reis, 81, 07015 Palma de Mallorca Telefon: +34 645 872 415 E-Mail f\u00fcr Anfragen zum Datenschutz: imh@insidemallorcahomes.com 1.1. Anwendbare Bestimmungen Unsere Datenschutzrichtlinie wurde in \u00dcbereinstimmung mit der EU-Datenschutz-Grundverordnung 2016\/679 des Europ\u00e4ischen Parlaments und des Rates vom 27. [&hellip;]<\/p>\n","protected":false},"author":1,"featured_media":0,"parent":0,"menu_order":0,"comment_status":"closed","ping_status":"closed","template":"","meta":{"_acf_changed":false,"footnotes":""},"class_list":["post-2353","page","type-page","status-publish","hentry"],"acf":[],"featured_image_src":null,"featured_image_src_square":null,"_links":{"self":[{"href":"https:\/\/imyyachts.com\/index.php?rest_route=\/wp\/v2\/pages\/2353","targetHints":{"allow":["GET"]}}],"collection":[{"href":"https:\/\/imyyachts.com\/index.php?rest_route=\/wp\/v2\/pages"}],"about":[{"href":"https:\/\/imyyachts.com\/index.php?rest_route=\/wp\/v2\/types\/page"}],"author":[{"embeddable":true,"href":"https:\/\/imyyachts.com\/index.php?rest_route=\/wp\/v2\/users\/1"}],"replies":[{"embeddable":true,"href":"https:\/\/imyyachts.com\/index.php?rest_route=%2Fwp%2Fv2%2Fcomments&post=2353"}],"version-history":[{"count":4,"href":"https:\/\/imyyachts.com\/index.php?rest_route=\/wp\/v2\/pages\/2353\/revisions"}],"predecessor-version":[{"id":2357,"href":"https:\/\/imyyachts.com\/index.php?rest_route=\/wp\/v2\/pages\/2353\/revisions\/2357"}],"wp:attachment":[{"href":"https:\/\/imyyachts.com\/index.php?rest_route=%2Fwp%2Fv2%2Fmedia&parent=2353"}],"curies":[{"name":"wp","href":"https:\/\/api.w.org\/{rel}","templated":true}]}}