{"id":2341,"date":"2026-03-25T11:08:00","date_gmt":"2026-03-25T10:08:00","guid":{"rendered":"https:\/\/imyyachts.com\/?page_id=2341"},"modified":"2026-03-25T11:10:25","modified_gmt":"2026-03-25T10:10:25","slug":"politica-de-privacidad","status":"publish","type":"page","link":"https:\/\/imyyachts.com\/?page_id=2341","title":{"rendered":"Pol\u00edtica de Privacidad"},"content":{"rendered":"\t\t<div data-elementor-type=\"wp-page\" data-elementor-id=\"2341\" class=\"elementor elementor-2341\" data-elementor-post-type=\"page\">\n\t\t\t\t\t\t<section class=\"elementor-section elementor-top-section elementor-element elementor-element-4e649811 elementor-section-boxed elementor-section-height-default elementor-section-height-default\" data-id=\"4e649811\" data-element_type=\"section\" data-e-type=\"section\" data-settings=\"{&quot;background_background&quot;:&quot;classic&quot;,&quot;background_motion_fx_motion_fx_scrolling&quot;:&quot;yes&quot;,&quot;background_motion_fx_translateY_effect&quot;:&quot;yes&quot;,&quot;background_motion_fx_translateY_direction&quot;:&quot;negative&quot;,&quot;background_motion_fx_translateY_speed&quot;:{&quot;unit&quot;:&quot;px&quot;,&quot;size&quot;:10,&quot;sizes&quot;:[]},&quot;background_motion_fx_translateY_affectedRange&quot;:{&quot;unit&quot;:&quot;%&quot;,&quot;size&quot;:&quot;&quot;,&quot;sizes&quot;:{&quot;start&quot;:0,&quot;end&quot;:100}},&quot;background_motion_fx_devices&quot;:[&quot;desktop&quot;,&quot;tablet&quot;,&quot;mobile&quot;]}\">\n\t\t\t\t\t\t\t<div class=\"elementor-background-overlay\"><\/div>\n\t\t\t\t\t\t\t<div class=\"elementor-container elementor-column-gap-default\">\n\t\t\t\t\t<div class=\"elementor-column elementor-col-100 elementor-top-column elementor-element elementor-element-2244be73\" data-id=\"2244be73\" data-element_type=\"column\" data-e-type=\"column\">\n\t\t\t<div class=\"elementor-widget-wrap elementor-element-populated\">\n\t\t\t\t\t\t<section class=\"elementor-section elementor-inner-section elementor-element elementor-element-daf8b50 elementor-section-content-middle elementor-section-boxed elementor-section-height-default elementor-section-height-default\" data-id=\"daf8b50\" data-element_type=\"section\" data-e-type=\"section\">\n\t\t\t\t\t\t<div class=\"elementor-container elementor-column-gap-default\">\n\t\t\t\t\t<div class=\"elementor-column elementor-col-50 elementor-inner-column elementor-element elementor-element-434ab88c elementor-invisible\" data-id=\"434ab88c\" data-element_type=\"column\" data-e-type=\"column\" data-settings=\"{&quot;animation&quot;:&quot;fadeInLeft&quot;}\">\n\t\t\t<div class=\"elementor-widget-wrap elementor-element-populated\">\n\t\t\t\t\t\t<div class=\"elementor-element elementor-element-1a5cbe89 elementor-widget elementor-widget-heading\" data-id=\"1a5cbe89\" data-element_type=\"widget\" data-e-type=\"widget\" data-widget_type=\"heading.default\">\n\t\t\t\t<div class=\"elementor-widget-container\">\n\t\t\t\t\t<div class=\"elementor-heading-title elementor-size-default\">Pol\u00edtica de Privacidad<\/div>\t\t\t\t<\/div>\n\t\t\t\t<\/div>\n\t\t\t\t\t<\/div>\n\t\t<\/div>\n\t\t\t\t<div class=\"elementor-column elementor-col-50 elementor-inner-column elementor-element elementor-element-60349035 elementor-invisible\" data-id=\"60349035\" data-element_type=\"column\" data-e-type=\"column\" data-settings=\"{&quot;animation&quot;:&quot;fadeInRight&quot;}\">\n\t\t\t<div class=\"elementor-widget-wrap elementor-element-populated\">\n\t\t\t\t\t\t<div class=\"elementor-element elementor-element-1a975909 elementor-widget elementor-widget-heading\" data-id=\"1a975909\" data-element_type=\"widget\" data-e-type=\"widget\" data-widget_type=\"heading.default\">\n\t\t\t\t<div class=\"elementor-widget-container\">\n\t\t\t\t\t<h2 class=\"elementor-heading-title elementor-size-default\">Pol\u00edtica de Privacidad<\/h2>\t\t\t\t<\/div>\n\t\t\t\t<\/div>\n\t\t\t\t\t<\/div>\n\t\t<\/div>\n\t\t\t\t\t<\/div>\n\t\t<\/section>\n\t\t\t\t\t<\/div>\n\t\t<\/div>\n\t\t\t\t\t<\/div>\n\t\t<\/section>\n\t\t\t\t<section class=\"elementor-section elementor-top-section elementor-element elementor-element-73ba6304 elementor-section-boxed elementor-section-height-default elementor-section-height-default\" data-id=\"73ba6304\" data-element_type=\"section\" data-e-type=\"section\">\n\t\t\t\t\t\t<div class=\"elementor-container elementor-column-gap-default\">\n\t\t\t\t\t<div class=\"elementor-column elementor-col-100 elementor-top-column elementor-element elementor-element-17fffcea\" data-id=\"17fffcea\" data-element_type=\"column\" data-e-type=\"column\">\n\t\t\t<div class=\"elementor-widget-wrap elementor-element-populated\">\n\t\t\t\t\t\t<section class=\"elementor-section elementor-inner-section elementor-element elementor-element-87414a3 elementor-section-boxed elementor-section-height-default elementor-section-height-default\" data-id=\"87414a3\" data-element_type=\"section\" data-e-type=\"section\">\n\t\t\t\t\t\t<div class=\"elementor-container elementor-column-gap-default\">\n\t\t\t\t\t<div class=\"elementor-column elementor-col-33 elementor-inner-column elementor-element elementor-element-2d0c71f2 elementor-invisible\" data-id=\"2d0c71f2\" data-element_type=\"column\" data-e-type=\"column\" data-settings=\"{&quot;background_background&quot;:&quot;classic&quot;,&quot;animation&quot;:&quot;fadeInLeft&quot;}\">\n\t\t\t<div class=\"elementor-widget-wrap elementor-element-populated\">\n\t\t\t\t\t\t<div class=\"elementor-element elementor-element-16a1f21a elementor-view-stacked elementor-shape-square elementor-position-block-start elementor-mobile-position-block-start elementor-widget elementor-widget-icon-box\" data-id=\"16a1f21a\" data-element_type=\"widget\" data-e-type=\"widget\" data-widget_type=\"icon-box.default\">\n\t\t\t\t<div class=\"elementor-widget-container\">\n\t\t\t\t\t\t\t<div class=\"elementor-icon-box-wrapper\">\n\n\t\t\t\t\t\t<div class=\"elementor-icon-box-icon\">\n\t\t\t\t<span  class=\"elementor-icon\">\n\t\t\t\t<i aria-hidden=\"true\" class=\"icon icon-phone\"><\/i>\t\t\t\t<\/span>\n\t\t\t<\/div>\n\t\t\t\n\t\t\t\n\t\t<\/div>\n\t\t\t\t\t\t<\/div>\n\t\t\t\t<\/div>\n\t\t\t\t\t<\/div>\n\t\t<\/div>\n\t\t\t\t<div class=\"elementor-column elementor-col-33 elementor-inner-column elementor-element elementor-element-ff34ce1 elementor-invisible\" data-id=\"ff34ce1\" data-element_type=\"column\" data-e-type=\"column\" data-settings=\"{&quot;background_background&quot;:&quot;gradient&quot;,&quot;animation&quot;:&quot;fadeInUp&quot;}\">\n\t\t\t<div class=\"elementor-widget-wrap elementor-element-populated\">\n\t\t\t\t\t\t<div class=\"elementor-element elementor-element-3f683bc7 elementor-view-stacked elementor-shape-square elementor-position-block-start elementor-mobile-position-block-start elementor-widget elementor-widget-icon-box\" data-id=\"3f683bc7\" data-element_type=\"widget\" data-e-type=\"widget\" data-widget_type=\"icon-box.default\">\n\t\t\t\t<div class=\"elementor-widget-container\">\n\t\t\t\t\t\t\t<div class=\"elementor-icon-box-wrapper\">\n\n\t\t\t\t\t\t<div class=\"elementor-icon-box-icon\">\n\t\t\t\t<span  class=\"elementor-icon\">\n\t\t\t\t<i aria-hidden=\"true\" class=\"icon icon-calendar-full\"><\/i>\t\t\t\t<\/span>\n\t\t\t<\/div>\n\t\t\t\n\t\t\t\n\t\t<\/div>\n\t\t\t\t\t\t<\/div>\n\t\t\t\t<\/div>\n\t\t\t\t\t<\/div>\n\t\t<\/div>\n\t\t\t\t<div class=\"elementor-column elementor-col-33 elementor-inner-column elementor-element elementor-element-557d8090 elementor-invisible\" data-id=\"557d8090\" data-element_type=\"column\" data-e-type=\"column\" data-settings=\"{&quot;background_background&quot;:&quot;classic&quot;,&quot;animation&quot;:&quot;fadeInRight&quot;}\">\n\t\t\t<div class=\"elementor-widget-wrap elementor-element-populated\">\n\t\t\t\t\t\t<div class=\"elementor-element elementor-element-4f02fa3a elementor-view-stacked elementor-shape-square elementor-position-block-start elementor-mobile-position-block-start elementor-widget elementor-widget-icon-box\" data-id=\"4f02fa3a\" data-element_type=\"widget\" data-e-type=\"widget\" data-widget_type=\"icon-box.default\">\n\t\t\t\t<div class=\"elementor-widget-container\">\n\t\t\t\t\t\t\t<div class=\"elementor-icon-box-wrapper\">\n\n\t\t\t\t\t\t<div class=\"elementor-icon-box-icon\">\n\t\t\t\t<span  class=\"elementor-icon\">\n\t\t\t\t<i aria-hidden=\"true\" class=\"icon icon-paper-plane\"><\/i>\t\t\t\t<\/span>\n\t\t\t<\/div>\n\t\t\t\n\t\t\t\n\t\t<\/div>\n\t\t\t\t\t\t<\/div>\n\t\t\t\t<\/div>\n\t\t\t\t\t<\/div>\n\t\t<\/div>\n\t\t\t\t\t<\/div>\n\t\t<\/section>\n\t\t\t\t\t<\/div>\n\t\t<\/div>\n\t\t\t\t\t<\/div>\n\t\t<\/section>\n\t\t<div class=\"elementor-element elementor-element-62b5766 e-flex e-con-boxed e-con e-parent\" data-id=\"62b5766\" data-element_type=\"container\" data-e-type=\"container\">\n\t\t\t\t\t<div class=\"e-con-inner\">\n\t\t\t\t<div class=\"elementor-element elementor-element-4486e32 elementor-widget__width-auto elementor-widget elementor-widget-text-editor\" data-id=\"4486e32\" data-element_type=\"widget\" data-e-type=\"widget\" data-widget_type=\"text-editor.default\">\n\t\t\t\t<div class=\"elementor-widget-container\">\n\t\t\t\t\t\t\t\t\t<p>1. INFORMACI\u00d3N DEL RESPONSABLE DEL TRATAMIENTO<br \/>Nombre de la empresa: Inside Mallorca Yachts S.L.<\/p><p>NIF: B05492863<\/p><p>Direcci\u00f3n: Cam\u00ed dels Reis, 81. 07015 Palma de Mallorca<\/p><p>Tel\u00e9fono: +34 645 872 415<\/p><p>Correo electr\u00f3nico para comunicaciones sobre protecci\u00f3n de datos: imh@insidemallorcahomes.com<\/p><p>1.1. Normativa aplicable<\/p><p>Nuestra Pol\u00edtica de Privacidad se ha dise\u00f1ado de conformidad con el Reglamento General de Protecci\u00f3n de Datos (RGPD) 2016\/679 del Parlamento Europeo y del Consejo, de 27 de abril de 2016, relativo a la protecci\u00f3n de las personas f\u00edsicas en lo que respecta al tratamiento de datos personales y a la libre circulaci\u00f3n de estos datos, y por el que se deroga la Directiva 95\/46\/CE (Reglamento General de Protecci\u00f3n de Datos), y, cuando no sea contradictorio con el mencionado Reglamento, con el marco legal espa\u00f1ol en materia de protecci\u00f3n de datos personales. Al facilitarnos sus datos, usted declara haber le\u00eddo y comprendido esta Pol\u00edtica de Privacidad, otorgando su consentimiento inequ\u00edvoco y expreso para el tratamiento de sus datos personales de acuerdo con las finalidades y los t\u00e9rminos aqu\u00ed expresados. La Compa\u00f1\u00eda podr\u00e1 modificar esta Pol\u00edtica de Privacidad para adaptarla a la nueva legislaci\u00f3n, jurisprudencia o interpretaci\u00f3n de la Agencia Espa\u00f1ola de Protecci\u00f3n de Datos. Estas condiciones de privacidad podr\u00e1n complementarse con el Aviso Legal, la Pol\u00edtica de Cookies y las Condiciones Generales, en su caso, recogidas para determinados productos o servicios si dicho acceso implica alguna particularidad en materia de protecci\u00f3n de datos personales.<\/p><p>1.2. Delegado de Protecci\u00f3n de Datos<\/p><p>La empresa no cuenta con un Delegado de Protecci\u00f3n de Datos.<\/p><p>2. FINALIDAD DEL TRATAMIENTO DE DATOS PERSONALES<br \/>El tratamiento de sus datos personales se realiza con las siguientes finalidades:<\/p><p>Proporcionarle informaci\u00f3n relativa a los productos y servicios ofrecidos por nuestra empresa, detallados en este sitio web.<\/p><p>Formalizar la contrataci\u00f3n de nuestros servicios mediante la aceptaci\u00f3n del presupuesto\/pedido correspondiente y\/o la firma de un contrato comercial.<br \/>Para enviarle actualizaciones sobre nuestra empresa y nuestro cat\u00e1logo de productos y servicios por correo electr\u00f3nico y\/o correo postal.<\/p><p>2.1. Periodo de Retenci\u00f3n de Datos<\/p><p>Conservaremos sus datos personales desde el momento en que nos otorgue su consentimiento hasta que lo revoque o solicite la limitaci\u00f3n de su tratamiento. En tales casos, mantendremos sus datos bloqueados durante los periodos legalmente exigidos.<\/p><p>3. LEGITIMIDAD Y DATOS RECOPILADOS<\/p><p>La legitimidad para el tratamiento de sus datos reside en el consentimiento expreso otorgado mediante un acto positivo y afirmativo (completar el formulario correspondiente y marcar la casilla de aceptaci\u00f3n de esta pol\u00edtica) al proporcionarnos sus datos personales.<\/p><p>3.1. Consentimiento para el Tratamiento de sus Datos<\/p><p>Al completar los formularios, marcar la casilla \u00abAcepto la Pol\u00edtica de Privacidad\u00bb y hacer clic para enviar los datos, o al enviar correos electr\u00f3nicos a la Empresa a trav\u00e9s de las cuentas habilitadas para tal fin, el Usuario declara haber le\u00eddo y aceptado expresamente esta pol\u00edtica de privacidad y otorga su consentimiento inequ\u00edvoco y expreso para el tratamiento de sus datos personales de acuerdo con las finalidades indicadas.<\/p><p>3.2. Categor\u00edas de datos<\/p><p>Los datos recopilados se refieren a la categor\u00eda de datos identificativos, que pueden incluir: Nombre y apellidos, n\u00famero de tel\u00e9fono, direcci\u00f3n postal, empresa, direcci\u00f3n de correo electr\u00f3nico, as\u00ed como la direcci\u00f3n IP desde la que se accede al formulario de recopilaci\u00f3n de datos.<\/p><p>4. Medidas de seguridad<br \/>En nuestro compromiso por garantizar la seguridad y confidencialidad de sus datos personales, le informamos que hemos adoptado las medidas t\u00e9cnicas y organizativas necesarias para asegurar la seguridad de los datos personales y prevenir su alteraci\u00f3n, p\u00e9rdida, tratamiento no autorizado o acceso, considerando el estado de la tecnolog\u00eda, la naturaleza de los datos almacenados y los riesgos a los que est\u00e1n expuestos, de conformidad con el art. 32 del RGPD (Reglamento General de Protecci\u00f3n de Datos) 679\/2016 de la UE.<\/p><p>5. Intercambio de datos<\/p><p>No se prev\u00e9n transferencias de datos ni transferencias internacionales de sus datos, salvo las autorizadas por la legislaci\u00f3n fiscal, mercantil y de telecomunicaciones, as\u00ed como en los casos en que una autoridad judicial nos lo exija.<\/p><p>6. DERECHOS DEL USUARIO<br \/>Cualquier persona interesada tiene derecho a obtener confirmaci\u00f3n sobre si estamos tratando o no datos personales que le conciernen. Las personas interesadas tienen derecho a acceder a sus datos personales, as\u00ed como a solicitar la rectificaci\u00f3n de datos inexactos o, en su caso, solicitar su supresi\u00f3n cuando, entre otros motivos, los datos ya no sean necesarios para los fines para los que fueron recabados. En determinadas circunstancias, las personas interesadas pueden solicitar la limitaci\u00f3n del tratamiento de sus datos, en cuyo caso solo los conservaremos para el ejercicio o la defensa de reclamaciones. Por motivos relacionados con su situaci\u00f3n particular, las personas interesadas pueden oponerse al tratamiento de sus datos. El Responsable del Tratamiento dejar\u00e1 de tratar los datos, salvo por motivos leg\u00edtimos imperiosos o para el ejercicio o la defensa de posibles reclamaciones. De acuerdo con la legislaci\u00f3n vigente, usted tiene los siguientes derechos: derecho a solicitar el acceso a sus datos personales, derecho a solicitar su rectificaci\u00f3n o supresi\u00f3n, derecho a solicitar la limitaci\u00f3n de su tratamiento, derecho a oponerse al tratamiento, derecho a la portabilidad de los datos y derecho a retirar el consentimiento otorgado.<\/p><p>6.1. \u00bfC\u00f3mo ejercer mis derechos?<\/p><p>Para ejercer sus derechos, debe ponerse en contacto con el responsable del tratamiento y solicitar el formulario correspondiente al derecho que desee ejercer. Tambi\u00e9n puede ponerse en contacto con la autoridad de control competente para obtener m\u00e1s informaci\u00f3n sobre sus derechos. Los datos de contacto para ejercer sus derechos son el n\u00famero de tel\u00e9fono 645872415 y el correo electr\u00f3nico imy@insidemallorcayachts.com. Recuerde adjuntar una copia de un documento que nos permita identificarle.<\/p><p>7. CONSENTIMIENTO PARA EL ENV\u00cdO DE COMUNICACIONES ELECTR\u00d3NICAS<br \/>Asimismo, de conformidad con la Ley 34\/2002, de 11 de julio, de Servicios de la Sociedad de la Informaci\u00f3n y de Comercio Electr\u00f3nico, al completar el formulario de recogida de datos y marcar la casilla correspondiente \u00abAcepto el env\u00edo de comunicaciones electr\u00f3nicas\u00bb, usted otorga su consentimiento expreso para que se le env\u00ede informaci\u00f3n sobre la Compa\u00f1\u00eda a su direcci\u00f3n de correo electr\u00f3nico, tel\u00e9fono, fax u otros medios electr\u00f3nicos.<\/p>\t\t\t\t\t\t\t\t<\/div>\n\t\t\t\t<\/div>\n\t\t\t\t\t<\/div>\n\t\t\t\t<\/div>\n\t\t\t\t<\/div>\n\t\t","protected":false},"excerpt":{"rendered":"<p>Pol\u00edtica de Privacidad Pol\u00edtica de Privacidad 1. INFORMACI\u00d3N DEL RESPONSABLE DEL TRATAMIENTONombre de la empresa: Inside Mallorca Yachts S.L. NIF: B05492863 Direcci\u00f3n: Cam\u00ed dels Reis, 81. 07015 Palma de Mallorca Tel\u00e9fono: +34 645 872 415 Correo electr\u00f3nico para comunicaciones sobre protecci\u00f3n de datos: imh@insidemallorcahomes.com 1.1. Normativa aplicable Nuestra Pol\u00edtica de Privacidad se ha dise\u00f1ado de [&hellip;]<\/p>\n","protected":false},"author":1,"featured_media":0,"parent":0,"menu_order":0,"comment_status":"closed","ping_status":"closed","template":"","meta":{"_acf_changed":false,"footnotes":""},"class_list":["post-2341","page","type-page","status-publish","hentry"],"acf":[],"featured_image_src":null,"featured_image_src_square":null,"_links":{"self":[{"href":"https:\/\/imyyachts.com\/index.php?rest_route=\/wp\/v2\/pages\/2341","targetHints":{"allow":["GET"]}}],"collection":[{"href":"https:\/\/imyyachts.com\/index.php?rest_route=\/wp\/v2\/pages"}],"about":[{"href":"https:\/\/imyyachts.com\/index.php?rest_route=\/wp\/v2\/types\/page"}],"author":[{"embeddable":true,"href":"https:\/\/imyyachts.com\/index.php?rest_route=\/wp\/v2\/users\/1"}],"replies":[{"embeddable":true,"href":"https:\/\/imyyachts.com\/index.php?rest_route=%2Fwp%2Fv2%2Fcomments&post=2341"}],"version-history":[{"count":4,"href":"https:\/\/imyyachts.com\/index.php?rest_route=\/wp\/v2\/pages\/2341\/revisions"}],"predecessor-version":[{"id":2345,"href":"https:\/\/imyyachts.com\/index.php?rest_route=\/wp\/v2\/pages\/2341\/revisions\/2345"}],"wp:attachment":[{"href":"https:\/\/imyyachts.com\/index.php?rest_route=%2Fwp%2Fv2%2Fmedia&parent=2341"}],"curies":[{"name":"wp","href":"https:\/\/api.w.org\/{rel}","templated":true}]}}